{"id":9367,"date":"2025-06-17T23:46:36","date_gmt":"2025-06-17T23:46:36","guid":{"rendered":"https:\/\/avmexico.com.mx\/principal\/?page_id=9367"},"modified":"2025-06-26T23:43:00","modified_gmt":"2025-06-26T23:43:00","slug":"nosotros","status":"publish","type":"page","link":"https:\/\/avmexico.com.mx\/principal\/nosotros\/","title":{"rendered":"NOSOTROS"},"content":{"rendered":"\t\t<div data-elementor-type=\"wp-page\" data-elementor-id=\"9367\" class=\"elementor elementor-9367\" data-elementor-post-type=\"page\">\n\t\t\t\t<div class=\"elementor-element elementor-element-bd4a22a e-flex e-con-boxed e-con e-parent\" data-id=\"bd4a22a\" data-element_type=\"container\" data-e-type=\"container\" data-settings=\"{&quot;background_background&quot;:&quot;classic&quot;}\">\n\t\t\t\t\t<div class=\"e-con-inner\">\n\t\t<div class=\"elementor-element elementor-element-6c346ade e-flex e-con-boxed e-con e-child\" data-id=\"6c346ade\" data-element_type=\"container\" data-e-type=\"container\">\n\t\t\t\t\t<div class=\"e-con-inner\">\n\t\t\t\t<div class=\"elementor-element elementor-element-3e5d90ab animated-slow elementor-invisible elementor-widget elementor-widget-heading\" data-id=\"3e5d90ab\" data-element_type=\"widget\" data-e-type=\"widget\" data-settings=\"{&quot;_animation&quot;:&quot;fadeInUp&quot;}\" data-widget_type=\"heading.default\">\n\t\t\t\t<div class=\"elementor-widget-container\">\n\t\t\t\t\t<h1 class=\"elementor-heading-title elementor-size-default\">NOSOTROS<\/h1>\t\t\t\t<\/div>\n\t\t\t\t<\/div>\n\t\t\t\t<div class=\"elementor-element elementor-element-fe34f83 elementor-widget-divider--view-line elementor-invisible elementor-widget elementor-widget-divider\" data-id=\"fe34f83\" data-element_type=\"widget\" data-e-type=\"widget\" data-settings=\"{&quot;_animation&quot;:&quot;zoomIn&quot;}\" data-widget_type=\"divider.default\">\n\t\t\t\t<div class=\"elementor-widget-container\">\n\t\t\t\t\t\t\t<div class=\"elementor-divider\">\n\t\t\t<span class=\"elementor-divider-separator\">\n\t\t\t\t\t\t<\/span>\n\t\t<\/div>\n\t\t\t\t\t\t<\/div>\n\t\t\t\t<\/div>\n\t\t\t\t\t<\/div>\n\t\t\t\t<\/div>\n\t\t\t\t\t<\/div>\n\t\t\t\t<\/div>\n\t\t<div class=\"elementor-element elementor-element-56473982 e-flex e-con-boxed e-con e-parent\" data-id=\"56473982\" data-element_type=\"container\" data-e-type=\"container\">\n\t\t\t\t\t<div class=\"e-con-inner\">\n\t\t<div class=\"elementor-element elementor-element-454be58d e-flex e-con-boxed e-con e-child\" data-id=\"454be58d\" data-element_type=\"container\" data-e-type=\"container\">\n\t\t\t\t\t<div class=\"e-con-inner\">\n\t\t<div class=\"elementor-element elementor-element-126af76d e-con-full elementor-hidden-mobile e-flex e-con e-child\" data-id=\"126af76d\" data-element_type=\"container\" data-e-type=\"container\" data-settings=\"{&quot;position&quot;:&quot;absolute&quot;}\">\n\t\t\t\t<div class=\"elementor-element elementor-element-53f48240 elementor-widget elementor-widget-icon-box\" data-id=\"53f48240\" data-element_type=\"widget\" data-e-type=\"widget\" data-widget_type=\"icon-box.default\">\n\t\t\t\t<div class=\"elementor-widget-container\">\n\t\t\t\t\t\t\t<div class=\"elementor-icon-box-wrapper\">\n\n\t\t\t\n\t\t\t\t\t\t<div class=\"elementor-icon-box-content\">\n\n\t\t\t\t\t\t\t\t\t<h2 class=\"elementor-icon-box-title\">\n\t\t\t\t\t\t<span  >\n\t\t\t\t\t\t\t10+\t\t\t\t\t\t<\/span>\n\t\t\t\t\t<\/h2>\n\t\t\t\t\n\t\t\t\t\t\t\t\t\t<p class=\"elementor-icon-box-description\">\n\t\t\t\t\t\tA\u00f1os de experiencia\t\t\t\t\t<\/p>\n\t\t\t\t\n\t\t\t<\/div>\n\t\t\t\n\t\t<\/div>\n\t\t\t\t\t\t<\/div>\n\t\t\t\t<\/div>\n\t\t\t\t<\/div>\n\t\t\t\t<div class=\"elementor-element elementor-element-7c7b85b elementor-widget elementor-widget-image\" data-id=\"7c7b85b\" data-element_type=\"widget\" data-e-type=\"widget\" data-widget_type=\"image.default\">\n\t\t\t\t<div class=\"elementor-widget-container\">\n\t\t\t\t\t\t\t\t\t\t\t\t\t\t\t<img fetchpriority=\"high\" decoding=\"async\" width=\"1920\" height=\"1081\" src=\"https:\/\/avmexico.com.mx\/principal\/wp-content\/uploads\/2025\/06\/PORTADAS-WEBS-10.png\" class=\"attachment-full size-full wp-image-9601\" alt=\"\" srcset=\"https:\/\/avmexico.com.mx\/principal\/wp-content\/uploads\/2025\/06\/PORTADAS-WEBS-10.png 1920w, https:\/\/avmexico.com.mx\/principal\/wp-content\/uploads\/2025\/06\/PORTADAS-WEBS-10-300x169.png 300w, https:\/\/avmexico.com.mx\/principal\/wp-content\/uploads\/2025\/06\/PORTADAS-WEBS-10-1024x577.png 1024w, https:\/\/avmexico.com.mx\/principal\/wp-content\/uploads\/2025\/06\/PORTADAS-WEBS-10-768x432.png 768w, https:\/\/avmexico.com.mx\/principal\/wp-content\/uploads\/2025\/06\/PORTADAS-WEBS-10-1536x865.png 1536w\" sizes=\"(max-width: 1920px) 100vw, 1920px\" \/>\t\t\t\t\t\t\t\t\t\t\t\t\t\t\t<\/div>\n\t\t\t\t<\/div>\n\t\t\t\t\t<\/div>\n\t\t\t\t<\/div>\n\t\t<div class=\"elementor-element elementor-element-604a584b animated-slow e-flex e-con-boxed elementor-invisible e-con e-child\" data-id=\"604a584b\" data-element_type=\"container\" data-e-type=\"container\" data-settings=\"{&quot;animation&quot;:&quot;fadeInUp&quot;}\">\n\t\t\t\t\t<div class=\"e-con-inner\">\n\t\t\t\t<div class=\"elementor-element elementor-element-523d7f09 elementor-widget elementor-widget-heading\" data-id=\"523d7f09\" data-element_type=\"widget\" data-e-type=\"widget\" data-widget_type=\"heading.default\">\n\t\t\t\t<div class=\"elementor-widget-container\">\n\t\t\t\t\t<h2 class=\"elementor-heading-title elementor-size-default\">\u00bfQUIENES SOMOS?<\/h2>\t\t\t\t<\/div>\n\t\t\t\t<\/div>\n\t\t\t\t<div class=\"elementor-element elementor-element-60f75fc5 elementor-widget elementor-widget-text-editor\" data-id=\"60f75fc5\" data-element_type=\"widget\" data-e-type=\"widget\" data-widget_type=\"text-editor.default\">\n\t\t\t\t<div class=\"elementor-widget-container\">\n\t\t\t\t\t\t\t\t\t<p>En GRUPO AVM somos m\u00e1s de 50 colaboradores,&nbsp;todos y cada uno de ellos tienen la experiencia y los&nbsp;conocimientos necesarios para brindarte el mejor&nbsp;servicio.<br>10 a\u00f1os de experiencia nos avalan, Tenemos&nbsp;construidos m\u00e1s de 50,000 m2 de \u00e1rea verde,&nbsp;tenemos mas de 200,0000 m2 de \u00e1rea verde&nbsp;<br>mantenidos, varios proyectos arquitect\u00f3nicos de&nbsp;paisajismo galardonados, y hemos ofrecido&nbsp;soluciones medio ambientales a empresas de&nbsp;internacionales.<\/p>\t\t\t\t\t\t\t\t<\/div>\n\t\t\t\t<\/div>\n\t\t\t\t<div class=\"elementor-element elementor-element-ffc447e elementor-widget elementor-widget-heading\" data-id=\"ffc447e\" data-element_type=\"widget\" data-e-type=\"widget\" data-widget_type=\"heading.default\">\n\t\t\t\t<div class=\"elementor-widget-container\">\n\t\t\t\t\t<h2 class=\"elementor-heading-title elementor-size-default\">MISI\u00d3N<\/h2>\t\t\t\t<\/div>\n\t\t\t\t<\/div>\n\t\t\t\t<div class=\"elementor-element elementor-element-a773535 elementor-widget elementor-widget-text-editor\" data-id=\"a773535\" data-element_type=\"widget\" data-e-type=\"widget\" data-widget_type=\"text-editor.default\">\n\t\t\t\t<div class=\"elementor-widget-container\">\n\t\t\t\t\t\t\t\t\t<p>Mejorar la calidad de vida de&nbsp;nuestros colaboradores y de la&nbsp;sociedad nos comprometemos a&nbsp;contribuir, a un mundo mas&nbsp;agradable y a fomentar un estilo&nbsp;de vida bonito y positivo, nuestros&nbsp;valores incluyen la moralidad,&nbsp;asegurando que nuestras&nbsp;acciones beneficien a todos los&nbsp;seres sintientes, junto con un&nbsp;compromiso con la calidad&nbsp;humana y excelencia en todo lo&nbsp;que hacemos.<\/p>\t\t\t\t\t\t\t\t<\/div>\n\t\t\t\t<\/div>\n\t\t\t\t<div class=\"elementor-element elementor-element-dffb108 elementor-widget elementor-widget-heading\" data-id=\"dffb108\" data-element_type=\"widget\" data-e-type=\"widget\" data-widget_type=\"heading.default\">\n\t\t\t\t<div class=\"elementor-widget-container\">\n\t\t\t\t\t<h2 class=\"elementor-heading-title elementor-size-default\">VISI\u00d3N<\/h2>\t\t\t\t<\/div>\n\t\t\t\t<\/div>\n\t\t\t\t<div class=\"elementor-element elementor-element-9838b47 elementor-widget elementor-widget-text-editor\" data-id=\"9838b47\" data-element_type=\"widget\" data-e-type=\"widget\" data-widget_type=\"text-editor.default\">\n\t\t\t\t<div class=\"elementor-widget-container\">\n\t\t\t\t\t\t\t\t\t<p>En esta empresa aspiramos a&nbsp;brindar bienestar y soluciones&nbsp;eficientes a nuestros clientes y&nbsp;colaboradores,&nbsp;fundamentados en valores de&nbsp;calidad humana y excelencia&nbsp;en todos nuestros servicios y&nbsp;productos. Nos&nbsp;comprometemos a innovar&nbsp;continuamente para ofrecer&nbsp;las mejores soluciones,&nbsp;alineadas con principios de&nbsp;sostenibilidad. Nos&nbsp;visualizamos.<\/p>\t\t\t\t\t\t\t\t<\/div>\n\t\t\t\t<\/div>\n\t\t\t\t\t<\/div>\n\t\t\t\t<\/div>\n\t\t\t\t\t<\/div>\n\t\t\t\t<\/div>\n\t\t<div class=\"elementor-element elementor-element-647d0e2 e-flex e-con-boxed e-con e-parent\" data-id=\"647d0e2\" data-element_type=\"container\" data-e-type=\"container\">\n\t\t\t\t\t<div class=\"e-con-inner\">\n\t\t\t\t<div class=\"elementor-element elementor-element-f9a0c7d elementor-widget elementor-widget-image\" data-id=\"f9a0c7d\" data-element_type=\"widget\" data-e-type=\"widget\" data-widget_type=\"image.default\">\n\t\t\t\t<div class=\"elementor-widget-container\">\n\t\t\t\t\t\t\t\t\t\t\t\t\t\t\t<img decoding=\"async\" width=\"1205\" height=\"514\" src=\"https:\/\/avmexico.com.mx\/principal\/wp-content\/uploads\/2025\/06\/avm.png\" class=\"attachment-full size-full wp-image-9552\" alt=\"\" srcset=\"https:\/\/avmexico.com.mx\/principal\/wp-content\/uploads\/2025\/06\/avm.png 1205w, https:\/\/avmexico.com.mx\/principal\/wp-content\/uploads\/2025\/06\/avm-300x128.png 300w, https:\/\/avmexico.com.mx\/principal\/wp-content\/uploads\/2025\/06\/avm-1024x437.png 1024w, https:\/\/avmexico.com.mx\/principal\/wp-content\/uploads\/2025\/06\/avm-768x328.png 768w\" sizes=\"(max-width: 1205px) 100vw, 1205px\" \/>\t\t\t\t\t\t\t\t\t\t\t\t\t\t\t<\/div>\n\t\t\t\t<\/div>\n\t\t\t\t\t<\/div>\n\t\t\t\t<\/div>\n\t\t\t\t<\/div>\n\t\t","protected":false},"excerpt":{"rendered":"<p>10+ A\u00f1os de experiencia \u00bfQUIENES SOMOS? En GRUPO AVM somos m\u00e1s de 50 colaboradores,&nbsp;todos y cada uno de ellos tienen la experiencia y los&nbsp;conocimientos necesarios para brindarte el mejor&nbsp;servicio.10 a\u00f1os de experiencia nos avalan, Tenemos&nbsp;construidos m\u00e1s de 50,000 m2 de \u00e1rea verde,&nbsp;tenemos mas de 200,0000 m2 de \u00e1rea verde&nbsp;mantenidos, varios proyectos arquitect\u00f3nicos de&nbsp;paisajismo galardonados, y [&hellip;]<\/p>\n","protected":false},"author":4,"featured_media":0,"parent":0,"menu_order":0,"comment_status":"closed","ping_status":"closed","template":"","meta":{"footnotes":""},"class_list":["post-9367","page","type-page","status-publish","hentry"],"_links":{"self":[{"href":"https:\/\/avmexico.com.mx\/principal\/wp-json\/wp\/v2\/pages\/9367","targetHints":{"allow":["GET"]}}],"collection":[{"href":"https:\/\/avmexico.com.mx\/principal\/wp-json\/wp\/v2\/pages"}],"about":[{"href":"https:\/\/avmexico.com.mx\/principal\/wp-json\/wp\/v2\/types\/page"}],"author":[{"embeddable":true,"href":"https:\/\/avmexico.com.mx\/principal\/wp-json\/wp\/v2\/users\/4"}],"replies":[{"embeddable":true,"href":"https:\/\/avmexico.com.mx\/principal\/wp-json\/wp\/v2\/comments?post=9367"}],"version-history":[{"count":37,"href":"https:\/\/avmexico.com.mx\/principal\/wp-json\/wp\/v2\/pages\/9367\/revisions"}],"predecessor-version":[{"id":9639,"href":"https:\/\/avmexico.com.mx\/principal\/wp-json\/wp\/v2\/pages\/9367\/revisions\/9639"}],"wp:attachment":[{"href":"https:\/\/avmexico.com.mx\/principal\/wp-json\/wp\/v2\/media?parent=9367"}],"curies":[{"name":"wp","href":"https:\/\/api.w.org\/{rel}","templated":true}]}}